{"id":1516,"date":"2020-07-17T13:48:10","date_gmt":"2020-07-17T16:48:10","guid":{"rendered":"https:\/\/www.jcbaglietto.com.ar\/?page_id=1516"},"modified":"2020-07-20T15:53:50","modified_gmt":"2020-07-20T18:53:50","slug":"mas-de-lo-mismo","status":"publish","type":"page","link":"https:\/\/www.jcbaglietto.com.ar\/?page_id=1516","title":{"rendered":"mas de lo mismo"},"content":{"rendered":"<p>[et_pb_section fb_built=\u00bb1&#8243; admin_label=\u00bbsection\u00bb _builder_version=\u00bb3.19.9&#8243; background_image=\u00bbhttps:\/\/www.jcbaglietto.com.ar\/wp-content\/uploads\/2019\/11\/juan46.jpg\u00bb parallax=\u00bbon\u00bb custom_padding=\u00bb54px|0px|364px|0px|false|false\u00bb][et_pb_row admin_label=\u00bbrow\u00bb _builder_version=\u00bb3.0.48&#8243; background_size=\u00bbinitial\u00bb background_position=\u00bbtop_left\u00bb background_repeat=\u00bbrepeat\u00bb][et_pb_column type=\u00bb4_4&#8243; _builder_version=\u00bb3.0.47&#8243; parallax=\u00bboff\u00bb parallax_method=\u00bbon\u00bb][et_pb_text admin_label=\u00bbText\u00bb _builder_version=\u00bb3.0.74&#8243; background_size=\u00bbinitial\u00bb background_position=\u00bbtop_left\u00bb background_repeat=\u00bbrepeat\u00bb]<\/p>\n<p><!-- divi:core-embed\/spotify {\"url\":\"https:\/\/open.spotify.com\/playlist\/20eSuR5WBtd7RyKfso8KBd\",\"type\":\"rich\",\"providerNameSlug\":\"spotify\",\"className\":\"wp-embed-aspect-9-16 wp-has-aspect-ratio\"} --><\/p>\n<figure class=\"wp-block-embed-spotify wp-block-embed is-type-rich is-provider-spotify wp-embed-aspect-9-16 wp-has-aspect-ratio\">\n<div class=\"wp-block-embed__wrapper\"><\/div>\n<\/figure>\n<p><!-- \/divi:core-embed\/spotify --><\/p>\n<p>[\/et_pb_text][\/et_pb_column][\/et_pb_row][\/et_pb_section][et_pb_section fb_built=\u00bb1&#8243; _builder_version=\u00bb3.19.9&#8243; background_color=\u00bb#022323&#8243; background_image=\u00bbhttps:\/\/www.jcbaglietto.com.ar\/wp-content\/uploads\/2019\/06\/baglieto-vitale-4.jpg\u00bb background_blend=\u00bbmultiply\u00bb custom_padding=\u00bb29px|0px|41px|0px|false|false\u00bb][et_pb_row make_fullwidth=\u00bbon\u00bb use_custom_gutter=\u00bbon\u00bb gutter_width=\u00bb1&#8243; custom_padding=\u00bb14px|0px|14px|0px|false|false\u00bb padding_left_1=\u00bb0px\u00bb module_class_1=\u00bbdoscolumnas\u00bb module_class_2=\u00bbdoscolumnas\u00bb _builder_version=\u00bb3.19.9&#8243;][et_pb_column type=\u00bb1_2&#8243; _builder_version=\u00bb3.19.9&#8243; padding_left=\u00bb0px\u00bb parallax=\u00bboff\u00bb parallax_method=\u00bbon\u00bb module_class=\u00bbdoscolumnas\u00bb][et_pb_image _builder_version=\u00bb3.19.9&#8243;][\/et_pb_image][et_pb_image src=\u00bbhttps:\/\/www.jcbaglietto.com.ar\/wp-content\/uploads\/2019\/10\/2011masdelomismo.jpg\u00bb align=\u00bbcenter\u00bb always_center_on_mobile=\u00bboff\u00bb _builder_version=\u00bb3.19.9&#8243; custom_padding=\u00bb|||0px\u00bb][\/et_pb_image][\/et_pb_column][et_pb_column type=\u00bb1_2&#8243; _builder_version=\u00bb3.19.9&#8243; parallax=\u00bboff\u00bb parallax_method=\u00bbon\u00bb module_class=\u00bbdoscolumnas\u00bb][et_pb_social_media_follow _builder_version=\u00bb3.19.9&#8243; text_orientation=\u00bbcenter\u00bb custom_margin=\u00bb27px||\u00bb][et_pb_social_media_follow_network social_network=\u00bbfacebook\u00bb url=\u00bbhttps:\/\/www.facebook.com\/jcbaglietto\/\u00bb _builder_version=\u00bb3.19.9&#8243; background_color=\u00bb#3b5998&#8243; follow_button=\u00bboff\u00bb url_new_window=\u00bbon\u00bb]facebook[\/et_pb_social_media_follow_network][et_pb_social_media_follow_network social_network=\u00bbyoutube\u00bb url=\u00bbhttps:\/\/www.youtube.com\/channel\/UCxL9EvJJDVWC-zL0f9KZ__Q\u00bb _builder_version=\u00bb3.19.9&#8243; background_color=\u00bb#a82400&#8243; follow_button=\u00bboff\u00bb url_new_window=\u00bbon\u00bb]youtube[\/et_pb_social_media_follow_network][et_pb_social_media_follow_network social_network=\u00bbinstagram\u00bb url=\u00bbhttps:\/\/www.instagram.com\/bagliettojuanc\u00bb _builder_version=\u00bb3.19.9&#8243; background_color=\u00bb#ea2c59&#8243; follow_button=\u00bboff\u00bb url_new_window=\u00bbon\u00bb]instagram[\/et_pb_social_media_follow_network][\/et_pb_social_media_follow][et_pb_button button_url=\u00bbhttps:\/\/open.spotify.com\/album\/2ODda93Q93SiWTUygjDDnD\u00bb url_new_window=\u00bbon\u00bb button_text=\u00bbSpotify\u00bb button_alignment=\u00bbcenter\u00bb _builder_version=\u00bb3.19.9&#8243; custom_button=\u00bbon\u00bb button_text_color=\u00bb#7cda24&#8243; button_border_width=\u00bb1px\u00bb button_font=\u00bb||||||||\u00bb button_icon=\u00bb%%358%%\u00bb button_on_hover=\u00bboff\u00bb custom_margin=\u00bb15px||\u00bb][\/et_pb_button][et_pb_divider divider_style=\u00bbdotted\u00bb divider_position=\u00bbbottom\u00bb divider_weight=\u00bb1px\u00bb _builder_version=\u00bb3.19.9&#8243; max_width=\u00bb36%\u00bb module_alignment=\u00bbcenter\u00bb link_option_url=\u00bbhttps:\/\/open.spotify.com\/album\/3iZRiMNZ3dFBpFGVSZjFo1&#8243; link_option_url_new_window=\u00bbon\u00bb][\/et_pb_divider][et_pb_text _builder_version=\u00bb3.19.9&#8243; text_font=\u00bb||||||||\u00bb text_font_size=\u00bb15px\u00bb text_font_size_tablet=\u00bb19px\u00bb text_font_size_phone=\u00bb18px\u00bb text_font_size_last_edited=\u00bbon|phone\u00bb text_line_height=\u00bb1.8em\u00bb header_font=\u00bb||||||||\u00bb text_orientation=\u00bbcenter\u00bb custom_margin=\u00bb15px||\u00bb custom_padding_phone=\u00bb|||0px\u00bb custom_padding_last_edited=\u00bbon|phone\u00bb]<\/p>\n<h2><span style=\"color: #ffffff;\"><strong><span id=\"u12801\"><br \/><span id=\"u12875-3\">M\u00e1s de lo mismo<\/span><\/span><\/strong><\/span><span style=\"color: #ffffff;\"><strong><span id=\"u12801\"><span id=\"u12875-3\"><br \/><\/span><span id=\"u12875-7\" style=\"font-size: large;\">Baglietto &#8211; Vitale |\u00a02011<\/span><\/span><\/strong><\/span><\/h2>\n<p><span style=\"color: #ffffff;\"><span id=\"u12875-8\"><br \/><span style=\"font-size: large;\">1. Renacer\u00e9<\/span><br \/><span style=\"font-size: large;\">2. Naranjo en flor <\/span><br \/><span style=\"font-size: large;\">3. Como dos extra\u00f1os <\/span><br \/><span style=\"font-size: large;\">4. Los mareados <\/span><br \/><span style=\"font-size: large;\">5. Mienten<\/span><br \/><span style=\"font-size: large;\">6. La \u00faltima curda<\/span><br \/><span style=\"font-size: large;\">7. Nada<\/span><br \/><span style=\"font-size: large;\">8. No olvides que una vez t\u00fa fuiste sol<\/span><br \/><span style=\"font-size: large;\">9. Dios y el diablo en el taller<\/span><br \/><span style=\"font-size: large;\">10. Hispano<\/span><br \/><span style=\"font-size: large;\">11. Pr\u00edncipe del manicomio<\/span><br \/><span style=\"font-size: large;\">12. Historia de Mate Cosido<\/span><br \/><span style=\"font-size: large;\">13. Solo<\/span><br \/><span style=\"font-size: large;\">14. Zamba de Lozano<\/span><br \/><span style=\"font-size: large;\">15. Piedra y camino<\/span><br \/><span style=\"font-size: large;\">16. El t\u00e9mpano<\/span><br \/><span style=\"font-size: large;\">17. En este barrio<\/span><br \/><span style=\"font-size: large;\">18. Las cosas tienen movimiento<\/span><br \/><\/span><\/span><\/p>\n<p>[\/et_pb_text][\/et_pb_column][\/et_pb_row][\/et_pb_section][et_pb_section fb_built=\u00bb1&#8243; _builder_version=\u00bb3.19.9&#8243; custom_padding=\u00bb54px|0px|0|0px|false|false\u00bb][et_pb_row custom_padding=\u00bb27px|0px|73px|0px|false|false\u00bb _builder_version=\u00bb3.19.9&#8243;][et_pb_column type=\u00bb4_4&#8243; _builder_version=\u00bb3.19.9&#8243; parallax=\u00bboff\u00bb parallax_method=\u00bbon\u00bb][et_pb_text _builder_version=\u00bb3.19.9&#8243; text_font=\u00bb||||||||\u00bb text_font_size=\u00bb19px\u00bb text_font_size_phone=\u00bb19px\u00bb text_font_size_last_edited=\u00bbon|desktop\u00bb text_line_height=\u00bb1.8em\u00bb]<\/p>\n<h2><strong>T\u00e9cnica<\/strong><\/h2>\n<p id=\"u12919-5\"><strong><br \/>\u2022 Juan Carlos Baglietto<\/strong><br \/><span style=\"font-size: 19px;\">(voz y guitarras)<\/span><\/p>\n<p><span style=\"font-size: 19px;\"><strong>\u2022 Lito Vitale<\/strong><br \/><\/span><span style=\"font-size: 19px;\">(Piano)<br \/><\/span><\/p>\n<p id=\"u12919-5\"><strong>\u2022 <span>Guido Mart\u00ednez<\/span><\/strong><br \/><span>(bajo, voz en coro)<\/span><\/p>\n<p id=\"u12919-8\"><span><strong>\u2022 Juli\u00e1n Baglietto<\/strong><br \/><\/span><span>(Bater\u00eda)<\/span><\/p>\n<p id=\"u12919-17\">\n<p id=\"u12919-18\"><span style=\"font-size: 19px;\">M\u00fasico Invitado:<br \/><span><strong>\u2022 Luciano Vitale<\/strong><br \/>percusi\u00f3n, ronroco<\/span><br \/><\/span><\/p>\n<p>[\/et_pb_text][\/et_pb_column][\/et_pb_row][\/et_pb_section][et_pb_section fb_built=\u00bb1&#8243; admin_label=\u00bbsection\u00bb _builder_version=\u00bb3.19.9&#8243; background_image=\u00bbhttps:\/\/www.jcbaglietto.com.ar\/wp-content\/uploads\/2019\/06\/juan22.jpg\u00bb custom_padding=\u00bb54px|0px|364px|0px|false|false\u00bb][et_pb_row admin_label=\u00bbrow\u00bb _builder_version=\u00bb3.0.48&#8243; background_size=\u00bbinitial\u00bb background_position=\u00bbtop_left\u00bb background_repeat=\u00bbrepeat\u00bb][et_pb_column type=\u00bb4_4&#8243; _builder_version=\u00bb3.0.47&#8243; parallax=\u00bboff\u00bb parallax_method=\u00bbon\u00bb][et_pb_text admin_label=\u00bbText\u00bb _builder_version=\u00bb3.0.74&#8243; background_size=\u00bbinitial\u00bb background_position=\u00bbtop_left\u00bb background_repeat=\u00bbrepeat\u00bb]<\/p>\n<p><!-- divi:core-embed\/spotify {\"url\":\"https:\/\/open.spotify.com\/playlist\/20eSuR5WBtd7RyKfso8KBd\",\"type\":\"rich\",\"providerNameSlug\":\"spotify\",\"className\":\"wp-embed-aspect-9-16 wp-has-aspect-ratio\"} --><\/p>\n<figure class=\"wp-block-embed-spotify wp-block-embed is-type-rich is-provider-spotify wp-embed-aspect-9-16 wp-has-aspect-ratio\">\n<div class=\"wp-block-embed__wrapper\"><\/div>\n<\/figure>\n<p><!-- \/divi:core-embed\/spotify --><\/p>\n<p>[\/et_pb_text][\/et_pb_column][\/et_pb_row][\/et_pb_section][et_pb_section fb_built=\u00bb1&#8243; _builder_version=\u00bb3.19.9&#8243; background_color=\u00bb#212121&#8243; custom_padding=\u00bb0|0px|0|0px|false|false\u00bb global_module=\u00bb1403&#8243;][et_pb_row make_fullwidth=\u00bbon\u00bb use_custom_gutter=\u00bbon\u00bb gutter_width=\u00bb1&#8243; custom_padding=\u00bb27px|0|0|0px|false|false\u00bb _builder_version=\u00bb3.19.9&#8243;][et_pb_column type=\u00bb1_4&#8243; _builder_version=\u00bb3.19.9&#8243; parallax=\u00bboff\u00bb parallax_method=\u00bbon\u00bb][et_pb_image src=\u00bbhttps:\/\/www.jcbaglietto.com.ar\/wp-content\/uploads\/2019\/08\/Logo-Baglietto.png\u00bb align=\u00bbright\u00bb _builder_version=\u00bb3.19.9&#8243; max_width=\u00bb66%\u00bb module_alignment=\u00bbcenter\u00bb custom_margin_tablet=\u00bb24px||\u00bb custom_margin_last_edited=\u00bbon|phone\u00bb][\/et_pb_image][\/et_pb_column][et_pb_column type=\u00bb1_4&#8243; _builder_version=\u00bb3.19.9&#8243; parallax=\u00bboff\u00bb parallax_method=\u00bbon\u00bb][et_pb_text _builder_version=\u00bb3.19.9&#8243; custom_margin=\u00bb4px||\u00bb link_option_url_new_window=\u00bbon\u00bb]<\/p>\n\n<ul class=\"sxc-follow-buttons\">\n<li class=\"sxc-follow-button\">\n                                    <a\n                                        href=\"https:\/\/www.facebook.com\/jcbaglietto\"\n                                        \n                                        title=\"Facebook\"\n                                        target=\"_blank\"\n                                    >\n                                        <img decoding=\"async\"\n                                            src=\"https:\/\/www.jcbaglietto.com.ar\/wp-content\/plugins\/social-media-buttons-toolbar\/inc\/img\/social-media-icons\/facebook.png\"\n                                            alt=\"Facebook\"\n                                        \/>\n                                    <\/a>\n                              <\/li>\n<li class=\"sxc-follow-button\">\n                                    <a\n                                        href=\"https:\/\/www.instagram.com\/bagliettojuanc\"\n                                        \n                                        title=\"Instagram\"\n                                        target=\"_blank\"\n                                    >\n                                        <img decoding=\"async\"\n                                            src=\"https:\/\/www.jcbaglietto.com.ar\/wp-content\/plugins\/social-media-buttons-toolbar\/inc\/img\/social-media-icons\/instagram.png\"\n                                            alt=\"Instagram\"\n                                        \/>\n                                    <\/a>\n                              <\/li>\n<li class=\"sxc-follow-button\">\n                                    <a\n                                        href=\"https:\/\/www.youtube.com\/channel\/UCxL9EvJJDVWC-zL0f9KZ__Q\"\n                                        \n                                        title=\"YouTube\"\n                                        target=\"_blank\"\n                                    >\n                                        <img decoding=\"async\"\n                                            src=\"https:\/\/www.jcbaglietto.com.ar\/wp-content\/plugins\/social-media-buttons-toolbar\/inc\/img\/social-media-icons\/youtube.png\"\n                                            alt=\"YouTube\"\n                                        \/>\n                                    <\/a>\n                              <\/li>\n<li class=\"sxc-follow-button\">\n                                    <a\n                                        href=\"https:\/\/open.spotify.com\/artist\/1Mt6JeVWV9Tvgk8ercp5O9\"\n                                        \n                                        title=\"Spotify\"\n                                        target=\"_blank\"\n                                    >\n                                        <img decoding=\"async\"\n                                            src=\"https:\/\/www.jcbaglietto.com.ar\/wp-content\/plugins\/social-media-buttons-toolbar\/inc\/img\/social-media-icons\/spotify.png\"\n                                            alt=\"Spotify\"\n                                        \/>\n                                    <\/a>\n                              <\/li>\n<\/ul>\n\n<p>[\/et_pb_text][\/et_pb_column][et_pb_column type=\u00bb1_4&#8243; _builder_version=\u00bb3.19.9&#8243; parallax=\u00bboff\u00bb parallax_method=\u00bbon\u00bb][et_pb_text _builder_version=\u00bb3.19.9&#8243; custom_margin_tablet=\u00bb23px||\u00bb custom_margin_last_edited=\u00bbon|tablet\u00bb]<\/p>\n<h4 style=\"text-align: center;\"><span style=\"font-size: small; color: #ffffff;\">Av. C\u00f3rdoba 6502 5\u00ba A<br \/>1427 \u2013 CABA<\/span><br \/><span style=\"font-size: small; color: #ffffff;\"> Buenos Aires \u2013 Argentina<\/span><br \/><span style=\"font-size: small; color: #ffffff;\"> +5411 4555.0672<br \/>+5411 4555.3384<\/span><\/h4>\n<p>[\/et_pb_text][\/et_pb_column][et_pb_column type=\u00bb1_4&#8243; _builder_version=\u00bb3.19.9&#8243; parallax=\u00bboff\u00bb parallax_method=\u00bbon\u00bb][et_pb_image src=\u00bbhttps:\/\/www.jcbaglietto.com.ar\/wp-content\/uploads\/2019\/08\/logokangu2018blanco.png\u00bb url=\u00bbhttp:\/\/www.kangu.com.ar\u00bb url_new_window=\u00bbon\u00bb align=\u00bbcenter\u00bb _builder_version=\u00bb3.19.9&#8243; max_width=\u00bb26%\u00bb custom_margin=\u00bb-9px||\u00bb custom_margin_tablet=\u00bb9px||\u00bb custom_margin_last_edited=\u00bbon|tablet\u00bb][\/et_pb_image][\/et_pb_column][\/et_pb_row][\/et_pb_section]<\/p>\n","protected":false},"excerpt":{"rendered":"<p>M\u00e1s de lo mismoBaglietto &#8211; Vitale |\u00a02011 1. Renacer\u00e92. Naranjo en flor 3. Como dos extra\u00f1os 4. Los mareados 5. Mienten6. La \u00faltima curda7. Nada8. No olvides que una vez t\u00fa fuiste sol9. Dios y el diablo en el taller10. Hispano11. Pr\u00edncipe del manicomio12. Historia de Mate Cosido13. Solo14. Zamba de Lozano15. Piedra y camino16. [&hellip;]<\/p>\n","protected":false},"author":1,"featured_media":0,"parent":0,"menu_order":0,"comment_status":"closed","ping_status":"closed","template":"","meta":{"_et_pb_use_builder":"on","_et_pb_old_content":"","_et_gb_content_width":"","om_disable_all_campaigns":false,"_uf_show_specific_survey":0,"_uf_disable_surveys":false,"footnotes":""},"class_list":["post-1516","page","type-page","status-publish","hentry"],"aioseo_notices":[],"_links":{"self":[{"href":"https:\/\/www.jcbaglietto.com.ar\/index.php?rest_route=\/wp\/v2\/pages\/1516","targetHints":{"allow":["GET"]}}],"collection":[{"href":"https:\/\/www.jcbaglietto.com.ar\/index.php?rest_route=\/wp\/v2\/pages"}],"about":[{"href":"https:\/\/www.jcbaglietto.com.ar\/index.php?rest_route=\/wp\/v2\/types\/page"}],"author":[{"embeddable":true,"href":"https:\/\/www.jcbaglietto.com.ar\/index.php?rest_route=\/wp\/v2\/users\/1"}],"replies":[{"embeddable":true,"href":"https:\/\/www.jcbaglietto.com.ar\/index.php?rest_route=%2Fwp%2Fv2%2Fcomments&post=1516"}],"version-history":[{"count":10,"href":"https:\/\/www.jcbaglietto.com.ar\/index.php?rest_route=\/wp\/v2\/pages\/1516\/revisions"}],"predecessor-version":[{"id":1665,"href":"https:\/\/www.jcbaglietto.com.ar\/index.php?rest_route=\/wp\/v2\/pages\/1516\/revisions\/1665"}],"wp:attachment":[{"href":"https:\/\/www.jcbaglietto.com.ar\/index.php?rest_route=%2Fwp%2Fv2%2Fmedia&parent=1516"}],"curies":[{"name":"wp","href":"https:\/\/api.w.org\/{rel}","templated":true}]}}