{"id":570,"date":"2019-06-12T12:25:12","date_gmt":"2019-06-12T15:25:12","guid":{"rendered":"https:\/\/www.jcbaglietto.com.ar\/?page_id=570"},"modified":"2020-07-20T15:31:36","modified_gmt":"2020-07-20T18:31:36","slug":"postales-del-nuevo-mundo","status":"publish","type":"page","link":"https:\/\/www.jcbaglietto.com.ar\/?page_id=570","title":{"rendered":"Postales del nuevo Mundo"},"content":{"rendered":"<p>[et_pb_section fb_built=\u00bb1&#8243; admin_label=\u00bbsection\u00bb _builder_version=\u00bb3.19.9&#8243; background_image=\u00bbhttps:\/\/www.jcbaglietto.com.ar\/wp-content\/uploads\/2019\/06\/bvpostales-nuevom.jpg\u00bb custom_padding=\u00bb54px|0px|364px|0px|false|false\u00bb][et_pb_row admin_label=\u00bbrow\u00bb _builder_version=\u00bb3.0.48&#8243; background_size=\u00bbinitial\u00bb background_position=\u00bbtop_left\u00bb background_repeat=\u00bbrepeat\u00bb][et_pb_column type=\u00bb4_4&#8243; _builder_version=\u00bb3.0.47&#8243; parallax=\u00bboff\u00bb parallax_method=\u00bbon\u00bb][et_pb_text admin_label=\u00bbText\u00bb _builder_version=\u00bb3.0.74&#8243; background_size=\u00bbinitial\u00bb background_position=\u00bbtop_left\u00bb background_repeat=\u00bbrepeat\u00bb]<\/p>\n<p><!-- divi:core-embed\/spotify {\"url\":\"https:\/\/open.spotify.com\/playlist\/20eSuR5WBtd7RyKfso8KBd\",\"type\":\"rich\",\"providerNameSlug\":\"spotify\",\"className\":\"wp-embed-aspect-9-16 wp-has-aspect-ratio\"} --><\/p>\n<figure class=\"wp-block-embed-spotify wp-block-embed is-type-rich is-provider-spotify wp-embed-aspect-9-16 wp-has-aspect-ratio\">\n<div class=\"wp-block-embed__wrapper\"><\/div>\n<\/figure>\n<p><!-- \/divi:core-embed\/spotify --><\/p>\n<p>[\/et_pb_text][\/et_pb_column][\/et_pb_row][\/et_pb_section][et_pb_section fb_built=\u00bb1&#8243; _builder_version=\u00bb3.19.9&#8243; background_color=\u00bb#022323&#8243; background_image=\u00bbhttps:\/\/www.jcbaglietto.com.ar\/wp-content\/uploads\/2019\/06\/Baglietto-Vitale.jpg\u00bb background_blend=\u00bbmultiply\u00bb custom_padding=\u00bb29px|0px|41px|0px|false|false\u00bb][et_pb_row make_fullwidth=\u00bbon\u00bb use_custom_gutter=\u00bbon\u00bb gutter_width=\u00bb1&#8243; custom_padding=\u00bb14px|0px|14px|0px|false|false\u00bb padding_left_1=\u00bb0px\u00bb module_class_1=\u00bbdoscolumnas\u00bb module_class_2=\u00bbdoscolumnas\u00bb _builder_version=\u00bb3.19.9&#8243;][et_pb_column type=\u00bb1_2&#8243; _builder_version=\u00bb3.19.9&#8243; padding_left=\u00bb0px\u00bb parallax=\u00bboff\u00bb parallax_method=\u00bbon\u00bb module_class=\u00bbdoscolumnas\u00bb][et_pb_image _builder_version=\u00bb3.19.9&#8243;][\/et_pb_image][et_pb_image src=\u00bbhttps:\/\/www.jcbaglietto.com.ar\/wp-content\/uploads\/2019\/05\/2015postalesdelnuevomundo.jpg\u00bb align=\u00bbcenter\u00bb always_center_on_mobile=\u00bboff\u00bb _builder_version=\u00bb3.19.9&#8243; custom_padding=\u00bb|||0px\u00bb][\/et_pb_image][\/et_pb_column][et_pb_column type=\u00bb1_2&#8243; _builder_version=\u00bb3.19.9&#8243; parallax=\u00bboff\u00bb parallax_method=\u00bbon\u00bb module_class=\u00bbdoscolumnas\u00bb][et_pb_social_media_follow _builder_version=\u00bb3.19.9&#8243; text_orientation=\u00bbcenter\u00bb custom_margin=\u00bb27px||\u00bb][et_pb_social_media_follow_network social_network=\u00bbfacebook\u00bb url=\u00bbhttps:\/\/www.facebook.com\/Baglietto-Vitale-1616696605244131\/\u00bb _builder_version=\u00bb3.19.9&#8243; background_color=\u00bb#3b5998&#8243; follow_button=\u00bboff\u00bb url_new_window=\u00bbon\u00bb]facebook[\/et_pb_social_media_follow_network][et_pb_social_media_follow_network social_network=\u00bbyoutube\u00bb url=\u00bbhttps:\/\/www.youtube.com\/channel\/UC2j5kIBNgjEKknhSIOHCBiA\u00bb _builder_version=\u00bb3.19.9&#8243; background_color=\u00bb#a82400&#8243; follow_button=\u00bboff\u00bb url_new_window=\u00bbon\u00bb]youtube[\/et_pb_social_media_follow_network][et_pb_social_media_follow_network social_network=\u00bbinstagram\u00bb url=\u00bbhttps:\/\/www.instagram.com\/bagliettojuanc\u00bb _builder_version=\u00bb3.19.9&#8243; background_color=\u00bb#ea2c59&#8243; follow_button=\u00bboff\u00bb url_new_window=\u00bbon\u00bb]instagram[\/et_pb_social_media_follow_network][\/et_pb_social_media_follow][et_pb_button button_url=\u00bbhttps:\/\/open.spotify.com\/album\/4re7QiM0EkPDcZemDDlbOo\u00bb url_new_window=\u00bbon\u00bb button_text=\u00bbSpotify\u00bb button_alignment=\u00bbcenter\u00bb _builder_version=\u00bb3.19.9&#8243; custom_button=\u00bbon\u00bb button_text_color=\u00bb#7cda24&#8243; button_border_width=\u00bb1px\u00bb button_font=\u00bb||||||||\u00bb button_icon=\u00bb%%358%%\u00bb button_on_hover=\u00bboff\u00bb custom_margin=\u00bb15px||\u00bb][\/et_pb_button][et_pb_divider divider_style=\u00bbdotted\u00bb divider_position=\u00bbbottom\u00bb divider_weight=\u00bb1px\u00bb _builder_version=\u00bb3.19.9&#8243; max_width=\u00bb36%\u00bb module_alignment=\u00bbcenter\u00bb link_option_url=\u00bbhttps:\/\/open.spotify.com\/album\/3iZRiMNZ3dFBpFGVSZjFo1&#8243; link_option_url_new_window=\u00bbon\u00bb][\/et_pb_divider][et_pb_text _builder_version=\u00bb3.19.9&#8243; text_font=\u00bb||||||||\u00bb text_font_size=\u00bb15px\u00bb text_font_size_tablet=\u00bb19px\u00bb text_font_size_phone=\u00bb18px\u00bb text_font_size_last_edited=\u00bbon|phone\u00bb text_line_height=\u00bb2em\u00bb header_font=\u00bb||||||||\u00bb header_3_font=\u00bb||||||||\u00bb header_3_line_height=\u00bb1.3em\u00bb text_orientation=\u00bbcenter\u00bb custom_margin=\u00bb15px||\u00bb custom_padding_phone=\u00bb|||0px\u00bb custom_padding_last_edited=\u00bbon|phone\u00bb]<\/p>\n<h2><span style=\"color: #ffffff;\"><strong><span><br \/> <span id=\"u12875-3\">Postales del nuevo Mundo<br \/> <\/span><\/span><\/strong><\/span><\/h2>\n<h2><span style=\"color: #ffffff; font-size: large;\"><strong><span id=\"u12801\"><span id=\"u12875-7\">Baglietto &#8211; Vitale |\u00a02015<\/span><\/span><\/strong><\/span><\/h2>\n<h2><span style=\"color: #ffffff;\"><strong><span id=\"u12801\">\u00a0<\/span><\/strong><\/span><\/h2>\n<h3><span style=\"color: #ffffff; font-size: large;\"><span id=\"u12875-8\">1 &#8211;\u00a0<\/span><span id=\"u12875-9\">Postales para Mario<br \/> <\/span>2. Ala de Colibr\u00ed<br \/> 3. El Surco<br \/> 4. Hacia el Ayer<br \/> 5. La Casa en el Aire<br \/> 6. La Catedral<br \/> 7. Faltando un Pedazo<br \/> 8. Parado<br \/> 9. Que He Sacado Con Quererte<br \/> 10. Flor de Ca\u00f1a<br \/> 11. V\u00e1monos<br \/> 12. Canto de Orde\u00f1o<\/span><\/h3>\n<p>[\/et_pb_text][\/et_pb_column][\/et_pb_row][\/et_pb_section][et_pb_section fb_built=\u00bb1&#8243; _builder_version=\u00bb3.19.9&#8243; custom_padding=\u00bb54px|0px|0|0px|false|false\u00bb][et_pb_row custom_padding=\u00bb27px|0px|73px|0px|false|false\u00bb _builder_version=\u00bb3.19.9&#8243;][et_pb_column type=\u00bb4_4&#8243; _builder_version=\u00bb3.19.9&#8243; parallax=\u00bboff\u00bb parallax_method=\u00bbon\u00bb][et_pb_text _builder_version=\u00bb3.19.9&#8243; text_font=\u00bb||||||||\u00bb text_font_size=\u00bb19px\u00bb text_font_size_phone=\u00bb19px\u00bb text_font_size_last_edited=\u00bbon|desktop\u00bb text_line_height=\u00bb1.8em\u00bb]<\/p>\n<h2><strong>T\u00e9cnica<\/strong><\/h2>\n<p><strong>Juan Carlos Baglietto<\/strong>: Voz <br \/><strong>Lito Vitale<\/strong>: piano Yamaha grand cola, Organo Hammond y coros.<\/p>\n<p><strong><em>Banda<\/em><\/strong><br \/><strong>Juli\u00e1n Baglietto:<\/strong> Bateria y coros. Primera Voz en \u00abLa casa en el aire\u00bb <br \/><strong>Juan Pablo Rufino:<\/strong> Bajo <br \/><strong>Mariano Delgado:<\/strong> Guitarra, Charango y coros <br \/><strong>Facundo Guevara:<\/strong> Percusi\u00f3n<\/p>\n<p>Ensamble <em><strong>\u00abLa orquestita\u00bb<\/strong><\/em> <br \/><strong>Irene Cadario:<\/strong> Violin <br \/><strong>Paula Pomeraniec:<\/strong> Cello <br \/><strong>Emiliano Alvarez:<\/strong> Clarinete<br \/><strong>Luciano Vitale:<\/strong> Flauta traversa<\/p>\n<p>Todos los arreglos de <strong>\u00abLa orquestita\u00bb<\/strong>: <em><strong>Lito Vitale<\/strong><\/em>, excepto <em>\u00abLa casa en el aire\u00bb<\/em> <strong>Lito Vitale y Guillo Espel.<\/strong><\/p>\n<p>Partituras y transcripciones para \u00abLa orquestita\u00bb: <strong>Javier Mareco<\/strong><\/p>\n<p>Fotos: <strong>Carlos Vertanessian<\/strong> <br \/>Arte: <strong>Mart\u00edn Cuadro<\/strong><br \/>Dibujo de tapa \u00abMandala\u00bb: <strong>Jorge Cuello y Hern\u00e1n Interlandi.<\/strong><\/p>\n<p>T\u00e9cnico de grabaci\u00f3n y Mezcla: <strong>Lito Vitale<\/strong> <br \/>Mezcla: <strong>Lito Vitale<\/strong><br \/>Mastering: <strong>Gustavo Segal y Lito Vitale<\/strong> <br \/>Equipo de producci\u00f3n BV: <strong>Alicia Cevoli y Esther Soto<\/strong><br \/>Asistentes de producci\u00f3n: <strong>Mar\u00eda Chidichimo y Mabel Juarez<\/strong> <br \/>Alma Mater: <strong>Donvi.<\/strong><\/p>\n<p><strong>Baglietto Vitale<\/strong> utilizan instrumentos Yamaha<\/p>\n<p>Contrataciones: <br \/><strong>Esther Soto<\/strong>: <a href=\"mailto:adalaysoto@gmail.com%20\">adalaysoto@gmail.com<\/a> <br \/><strong>Alicia Cevoli<\/strong>: <a href=\"mailto:acevoli@gmail.com\">acevoli@gmail.com<\/a><br \/><strong>Lito Vitale<\/strong>: <a href=\"mailto:hectorfvitale@gmail.com\">hectorfvitale@gmail.com<\/a><\/p>\n<p>[\/et_pb_text][\/et_pb_column][\/et_pb_row][\/et_pb_section][et_pb_section fb_built=\u00bb1&#8243; admin_label=\u00bbsection\u00bb _builder_version=\u00bb3.19.9&#8243; background_image=\u00bbhttps:\/\/www.jcbaglietto.com.ar\/wp-content\/uploads\/2019\/06\/baglieto-vitale-2.jpg\u00bb parallax=\u00bbon\u00bb custom_padding=\u00bb54px|0px|364px|0px|false|false\u00bb][et_pb_row admin_label=\u00bbrow\u00bb _builder_version=\u00bb3.0.48&#8243; background_size=\u00bbinitial\u00bb background_position=\u00bbtop_left\u00bb background_repeat=\u00bbrepeat\u00bb][et_pb_column type=\u00bb4_4&#8243; _builder_version=\u00bb3.0.47&#8243; parallax=\u00bboff\u00bb parallax_method=\u00bbon\u00bb][et_pb_text admin_label=\u00bbText\u00bb _builder_version=\u00bb3.0.74&#8243; background_size=\u00bbinitial\u00bb background_position=\u00bbtop_left\u00bb background_repeat=\u00bbrepeat\u00bb]<\/p>\n<p><!-- divi:core-embed\/spotify {\"url\":\"https:\/\/open.spotify.com\/playlist\/20eSuR5WBtd7RyKfso8KBd\",\"type\":\"rich\",\"providerNameSlug\":\"spotify\",\"className\":\"wp-embed-aspect-9-16 wp-has-aspect-ratio\"} --><\/p>\n<figure class=\"wp-block-embed-spotify wp-block-embed is-type-rich is-provider-spotify wp-embed-aspect-9-16 wp-has-aspect-ratio\">\n<div class=\"wp-block-embed__wrapper\"><\/div>\n<\/figure>\n<p><!-- \/divi:core-embed\/spotify --><\/p>\n<p>[\/et_pb_text][\/et_pb_column][\/et_pb_row][\/et_pb_section][et_pb_section fb_built=\u00bb1&#8243; _builder_version=\u00bb3.19.9&#8243; background_color=\u00bb#212121&#8243; custom_padding=\u00bb0|0px|0|0px|false|false\u00bb global_module=\u00bb1403&#8243;][et_pb_row make_fullwidth=\u00bbon\u00bb use_custom_gutter=\u00bbon\u00bb gutter_width=\u00bb1&#8243; custom_padding=\u00bb27px|0|0|0px|false|false\u00bb _builder_version=\u00bb3.19.9&#8243;][et_pb_column type=\u00bb1_4&#8243; _builder_version=\u00bb3.19.9&#8243; parallax=\u00bboff\u00bb parallax_method=\u00bbon\u00bb][et_pb_image src=\u00bbhttps:\/\/www.jcbaglietto.com.ar\/wp-content\/uploads\/2019\/08\/Logo-Baglietto.png\u00bb align=\u00bbright\u00bb _builder_version=\u00bb3.19.9&#8243; max_width=\u00bb66%\u00bb module_alignment=\u00bbcenter\u00bb custom_margin_tablet=\u00bb24px||\u00bb custom_margin_last_edited=\u00bbon|phone\u00bb][\/et_pb_image][\/et_pb_column][et_pb_column type=\u00bb1_4&#8243; _builder_version=\u00bb3.19.9&#8243; parallax=\u00bboff\u00bb parallax_method=\u00bbon\u00bb][et_pb_text _builder_version=\u00bb3.19.9&#8243; custom_margin=\u00bb4px||\u00bb link_option_url_new_window=\u00bbon\u00bb]<\/p>\n\n<ul class=\"sxc-follow-buttons\">\n<li class=\"sxc-follow-button\">\n                                    <a\n                                        href=\"https:\/\/www.facebook.com\/jcbaglietto\"\n                                        \n                                        title=\"Facebook\"\n                                        target=\"_blank\"\n                                    >\n                                        <img decoding=\"async\"\n                                            src=\"https:\/\/www.jcbaglietto.com.ar\/wp-content\/plugins\/social-media-buttons-toolbar\/inc\/img\/social-media-icons\/facebook.png\"\n                                            alt=\"Facebook\"\n                                        \/>\n                                    <\/a>\n                              <\/li>\n<li class=\"sxc-follow-button\">\n                                    <a\n                                        href=\"https:\/\/www.instagram.com\/bagliettojuanc\"\n                                        \n                                        title=\"Instagram\"\n                                        target=\"_blank\"\n                                    >\n                                        <img decoding=\"async\"\n                                            src=\"https:\/\/www.jcbaglietto.com.ar\/wp-content\/plugins\/social-media-buttons-toolbar\/inc\/img\/social-media-icons\/instagram.png\"\n                                            alt=\"Instagram\"\n                                        \/>\n                                    <\/a>\n                              <\/li>\n<li class=\"sxc-follow-button\">\n                                    <a\n                                        href=\"https:\/\/www.youtube.com\/channel\/UCxL9EvJJDVWC-zL0f9KZ__Q\"\n                                        \n                                        title=\"YouTube\"\n                                        target=\"_blank\"\n                                    >\n                                        <img decoding=\"async\"\n                                            src=\"https:\/\/www.jcbaglietto.com.ar\/wp-content\/plugins\/social-media-buttons-toolbar\/inc\/img\/social-media-icons\/youtube.png\"\n                                            alt=\"YouTube\"\n                                        \/>\n                                    <\/a>\n                              <\/li>\n<li class=\"sxc-follow-button\">\n                                    <a\n                                        href=\"https:\/\/open.spotify.com\/artist\/1Mt6JeVWV9Tvgk8ercp5O9\"\n                                        \n                                        title=\"Spotify\"\n                                        target=\"_blank\"\n                                    >\n                                        <img decoding=\"async\"\n                                            src=\"https:\/\/www.jcbaglietto.com.ar\/wp-content\/plugins\/social-media-buttons-toolbar\/inc\/img\/social-media-icons\/spotify.png\"\n                                            alt=\"Spotify\"\n                                        \/>\n                                    <\/a>\n                              <\/li>\n<\/ul>\n\n<p>[\/et_pb_text][\/et_pb_column][et_pb_column type=\u00bb1_4&#8243; _builder_version=\u00bb3.19.9&#8243; parallax=\u00bboff\u00bb parallax_method=\u00bbon\u00bb][et_pb_text _builder_version=\u00bb3.19.9&#8243; custom_margin_tablet=\u00bb23px||\u00bb custom_margin_last_edited=\u00bbon|tablet\u00bb]<\/p>\n<h4 style=\"text-align: center;\"><span style=\"font-size: small; color: #ffffff;\">Av. C\u00f3rdoba 6502 5\u00ba A<br \/>1427 \u2013 CABA<\/span><br \/><span style=\"font-size: small; color: #ffffff;\"> Buenos Aires \u2013 Argentina<\/span><br \/><span style=\"font-size: small; color: #ffffff;\"> +5411 4555.0672<br \/>+5411 4555.3384<\/span><\/h4>\n<p>[\/et_pb_text][\/et_pb_column][et_pb_column type=\u00bb1_4&#8243; _builder_version=\u00bb3.19.9&#8243; parallax=\u00bboff\u00bb parallax_method=\u00bbon\u00bb][et_pb_image src=\u00bbhttps:\/\/www.jcbaglietto.com.ar\/wp-content\/uploads\/2019\/08\/logokangu2018blanco.png\u00bb url=\u00bbhttp:\/\/www.kangu.com.ar\u00bb url_new_window=\u00bbon\u00bb align=\u00bbcenter\u00bb _builder_version=\u00bb3.19.9&#8243; max_width=\u00bb26%\u00bb custom_margin=\u00bb-9px||\u00bb custom_margin_tablet=\u00bb9px||\u00bb custom_margin_last_edited=\u00bbon|tablet\u00bb][\/et_pb_image][\/et_pb_column][\/et_pb_row][\/et_pb_section]<\/p>\n","protected":false},"excerpt":{"rendered":"<p>Postales del nuevo Mundo Baglietto &#8211; Vitale |\u00a02015 \u00a0 1 &#8211;\u00a0Postales para Mario 2. Ala de Colibr\u00ed 3. El Surco 4. Hacia el Ayer 5. La Casa en el Aire 6. La Catedral 7. Faltando un Pedazo 8. Parado 9. Que He Sacado Con Quererte 10. Flor de Ca\u00f1a 11. V\u00e1monos 12. Canto de Orde\u00f1oT\u00e9cnica [&hellip;]<\/p>\n","protected":false},"author":1,"featured_media":0,"parent":0,"menu_order":0,"comment_status":"closed","ping_status":"open","template":"","meta":{"_et_pb_use_builder":"on","_et_pb_old_content":"","_et_gb_content_width":"","om_disable_all_campaigns":false,"_uf_show_specific_survey":0,"_uf_disable_surveys":false,"footnotes":""},"class_list":["post-570","page","type-page","status-publish","hentry"],"aioseo_notices":[],"_links":{"self":[{"href":"https:\/\/www.jcbaglietto.com.ar\/index.php?rest_route=\/wp\/v2\/pages\/570","targetHints":{"allow":["GET"]}}],"collection":[{"href":"https:\/\/www.jcbaglietto.com.ar\/index.php?rest_route=\/wp\/v2\/pages"}],"about":[{"href":"https:\/\/www.jcbaglietto.com.ar\/index.php?rest_route=\/wp\/v2\/types\/page"}],"author":[{"embeddable":true,"href":"https:\/\/www.jcbaglietto.com.ar\/index.php?rest_route=\/wp\/v2\/users\/1"}],"replies":[{"embeddable":true,"href":"https:\/\/www.jcbaglietto.com.ar\/index.php?rest_route=%2Fwp%2Fv2%2Fcomments&post=570"}],"version-history":[{"count":22,"href":"https:\/\/www.jcbaglietto.com.ar\/index.php?rest_route=\/wp\/v2\/pages\/570\/revisions"}],"predecessor-version":[{"id":1641,"href":"https:\/\/www.jcbaglietto.com.ar\/index.php?rest_route=\/wp\/v2\/pages\/570\/revisions\/1641"}],"wp:attachment":[{"href":"https:\/\/www.jcbaglietto.com.ar\/index.php?rest_route=%2Fwp%2Fv2%2Fmedia&parent=570"}],"curies":[{"name":"wp","href":"https:\/\/api.w.org\/{rel}","templated":true}]}}